{"id":196,"date":"2017-04-03T11:58:39","date_gmt":"2017-04-03T09:58:39","guid":{"rendered":"http:\/\/adric-interculturel.com\/citoyennete\/?page_id=196"},"modified":"2017-04-05T18:26:59","modified_gmt":"2017-04-05T16:26:59","slug":"des-etudes","status":"publish","type":"page","link":"https:\/\/adric-interculturel.com\/citoyennete\/des-etudes\/","title":{"rendered":"Des \u00e9tudes"},"content":{"rendered":"<p><a href=\"http:\/\/www.cairn.info\/revue-l-information-geographique-2012-2-page-72.htm\" target=\"_blank\"><img data-attachment-id=\"238\" data-permalink=\"https:\/\/adric-interculturel.com\/citoyennete\/des-etudes\/cairn\/\" data-orig-file=\"https:\/\/i1.wp.com\/adric-interculturel.com\/citoyennete\/wp-content\/uploads\/2017\/04\/cairn.jpg?fit=204%2C306&amp;ssl=1\" data-orig-size=\"204,306\" data-comments-opened=\"0\" data-image-meta=\"{&quot;aperture&quot;:&quot;0&quot;,&quot;credit&quot;:&quot;&quot;,&quot;camera&quot;:&quot;&quot;,&quot;caption&quot;:&quot;&quot;,&quot;created_timestamp&quot;:&quot;0&quot;,&quot;copyright&quot;:&quot;&quot;,&quot;focal_length&quot;:&quot;0&quot;,&quot;iso&quot;:&quot;0&quot;,&quot;shutter_speed&quot;:&quot;0&quot;,&quot;title&quot;:&quot;&quot;,&quot;orientation&quot;:&quot;0&quot;}\" data-image-title=\"cairn\" data-image-description=\"\" data-medium-file=\"https:\/\/i1.wp.com\/adric-interculturel.com\/citoyennete\/wp-content\/uploads\/2017\/04\/cairn.jpg?fit=200%2C300&amp;ssl=1\" data-large-file=\"https:\/\/i1.wp.com\/adric-interculturel.com\/citoyennete\/wp-content\/uploads\/2017\/04\/cairn.jpg?fit=204%2C306&amp;ssl=1\" loading=\"lazy\" class=\"alignleft wp-image-238 size-medium\" title=\"Masculin\/f\u00e9minin : questions pour la g\u00e9ographie\" src=\"https:\/\/i2.wp.com\/adric-interculturel.com\/citoyennete\/wp-content\/uploads\/2017\/04\/cairn-200x300.jpg?resize=200%2C300\" alt=\"\" srcset=\"https:\/\/i1.wp.com\/adric-interculturel.com\/citoyennete\/wp-content\/uploads\/2017\/04\/cairn.jpg?resize=200%2C300&amp;ssl=1 200w, https:\/\/i1.wp.com\/adric-interculturel.com\/citoyennete\/wp-content\/uploads\/2017\/04\/cairn.jpg?resize=167%2C250&amp;ssl=1 167w, https:\/\/i1.wp.com\/adric-interculturel.com\/citoyennete\/wp-content\/uploads\/2017\/04\/cairn.jpg?w=204&amp;ssl=1 204w\" sizes=\"(max-width: 200px) 100vw, 200px\" data-recalc-dims=\"1\" \/><\/a><a href=\"http:\/\/www.apur.org\/sites\/default\/files\/documents\/N8P86_femmes_hommes_inegalites.pdf\" target=\"_blank\"><img data-attachment-id=\"252\" data-permalink=\"https:\/\/adric-interculturel.com\/citoyennete\/des-etudes\/apur\/\" data-orig-file=\"https:\/\/i2.wp.com\/adric-interculturel.com\/citoyennete\/wp-content\/uploads\/2017\/04\/apur.jpg?fit=526%2C701&amp;ssl=1\" data-orig-size=\"526,701\" data-comments-opened=\"0\" data-image-meta=\"{&quot;aperture&quot;:&quot;0&quot;,&quot;credit&quot;:&quot;&quot;,&quot;camera&quot;:&quot;&quot;,&quot;caption&quot;:&quot;&quot;,&quot;created_timestamp&quot;:&quot;0&quot;,&quot;copyright&quot;:&quot;&quot;,&quot;focal_length&quot;:&quot;0&quot;,&quot;iso&quot;:&quot;0&quot;,&quot;shutter_speed&quot;:&quot;0&quot;,&quot;title&quot;:&quot;&quot;,&quot;orientation&quot;:&quot;0&quot;}\" data-image-title=\"apur\" data-image-description=\"\" data-medium-file=\"https:\/\/i2.wp.com\/adric-interculturel.com\/citoyennete\/wp-content\/uploads\/2017\/04\/apur.jpg?fit=225%2C300&amp;ssl=1\" data-large-file=\"https:\/\/i2.wp.com\/adric-interculturel.com\/citoyennete\/wp-content\/uploads\/2017\/04\/apur.jpg?fit=526%2C701&amp;ssl=1\" loading=\"lazy\" class=\"alignleft wp-image-252 size-medium\" title=\"Femmes\/hommes : des in\u00e9galit\u00e9s qui persistent\" src=\"https:\/\/i2.wp.com\/adric-interculturel.com\/citoyennete\/wp-content\/uploads\/2017\/04\/apur-225x300.jpg?resize=225%2C300\" alt=\"\" srcset=\"https:\/\/i2.wp.com\/adric-interculturel.com\/citoyennete\/wp-content\/uploads\/2017\/04\/apur.jpg?resize=225%2C300&amp;ssl=1 225w, https:\/\/i2.wp.com\/adric-interculturel.com\/citoyennete\/wp-content\/uploads\/2017\/04\/apur.jpg?resize=188%2C250&amp;ssl=1 188w, https:\/\/i2.wp.com\/adric-interculturel.com\/citoyennete\/wp-content\/uploads\/2017\/04\/apur.jpg?w=526&amp;ssl=1 526w\" sizes=\"(max-width: 225px) 100vw, 225px\" data-recalc-dims=\"1\" \/><\/a><\/p>\n<p><a href=\"http:\/\/www.onpv.fr\/uploads\/media_items\/onzus-infos-mars2014.original.pdf\" target=\"_blank\"><img data-attachment-id=\"243\" data-permalink=\"https:\/\/adric-interculturel.com\/citoyennete\/des-etudes\/onzus-2\/\" data-orig-file=\"https:\/\/i2.wp.com\/adric-interculturel.com\/citoyennete\/wp-content\/uploads\/2017\/04\/onzus-1.jpg?fit=1211%2C1712&amp;ssl=1\" data-orig-size=\"1211,1712\" data-comments-opened=\"0\" data-image-meta=\"{&quot;aperture&quot;:&quot;0&quot;,&quot;credit&quot;:&quot;&quot;,&quot;camera&quot;:&quot;&quot;,&quot;caption&quot;:&quot;&quot;,&quot;created_timestamp&quot;:&quot;0&quot;,&quot;copyright&quot;:&quot;&quot;,&quot;focal_length&quot;:&quot;0&quot;,&quot;iso&quot;:&quot;0&quot;,&quot;shutter_speed&quot;:&quot;0&quot;,&quot;title&quot;:&quot;&quot;,&quot;orientation&quot;:&quot;0&quot;}\" data-image-title=\"onzus\" data-image-description=\"\" data-medium-file=\"https:\/\/i2.wp.com\/adric-interculturel.com\/citoyennete\/wp-content\/uploads\/2017\/04\/onzus-1.jpg?fit=212%2C300&amp;ssl=1\" data-large-file=\"https:\/\/i2.wp.com\/adric-interculturel.com\/citoyennete\/wp-content\/uploads\/2017\/04\/onzus-1.jpg?fit=640%2C905&amp;ssl=1\" loading=\"lazy\" class=\"alignleft wp-image-243 size-medium\" title=\"L'emploi des femmes dans les zones urbaines sensibles\" src=\"https:\/\/i2.wp.com\/adric-interculturel.com\/citoyennete\/wp-content\/uploads\/2017\/04\/onzus-1-212x300.jpg?resize=212%2C300\" alt=\"\" srcset=\"https:\/\/i2.wp.com\/adric-interculturel.com\/citoyennete\/wp-content\/uploads\/2017\/04\/onzus-1.jpg?resize=212%2C300&amp;ssl=1 212w, https:\/\/i2.wp.com\/adric-interculturel.com\/citoyennete\/wp-content\/uploads\/2017\/04\/onzus-1.jpg?resize=768%2C1086&amp;ssl=1 768w, https:\/\/i2.wp.com\/adric-interculturel.com\/citoyennete\/wp-content\/uploads\/2017\/04\/onzus-1.jpg?resize=724%2C1024&amp;ssl=1 724w, https:\/\/i2.wp.com\/adric-interculturel.com\/citoyennete\/wp-content\/uploads\/2017\/04\/onzus-1.jpg?resize=177%2C250&amp;ssl=1 177w, https:\/\/i2.wp.com\/adric-interculturel.com\/citoyennete\/wp-content\/uploads\/2017\/04\/onzus-1.jpg?w=1211&amp;ssl=1 1211w\" sizes=\"(max-width: 212px) 100vw, 212px\" data-recalc-dims=\"1\" \/><\/a> <a href=\"http:\/\/www.aurba.org\/Publications\/Syntheses\/Populations-et-modes-de-vie\/L-usage-de-la-ville-par-les-femmes\" target=\"_blank\"><img data-attachment-id=\"240\" data-permalink=\"https:\/\/adric-interculturel.com\/citoyennete\/des-etudes\/femmesvilles\/\" data-orig-file=\"https:\/\/i2.wp.com\/adric-interculturel.com\/citoyennete\/wp-content\/uploads\/2017\/04\/femmesvilles.jpg?fit=486%2C678&amp;ssl=1\" data-orig-size=\"486,678\" data-comments-opened=\"0\" data-image-meta=\"{&quot;aperture&quot;:&quot;0&quot;,&quot;credit&quot;:&quot;&quot;,&quot;camera&quot;:&quot;&quot;,&quot;caption&quot;:&quot;&quot;,&quot;created_timestamp&quot;:&quot;0&quot;,&quot;copyright&quot;:&quot;&quot;,&quot;focal_length&quot;:&quot;0&quot;,&quot;iso&quot;:&quot;0&quot;,&quot;shutter_speed&quot;:&quot;0&quot;,&quot;title&quot;:&quot;&quot;,&quot;orientation&quot;:&quot;0&quot;}\" data-image-title=\"femmesvilles\" data-image-description=\"\" data-medium-file=\"https:\/\/i2.wp.com\/adric-interculturel.com\/citoyennete\/wp-content\/uploads\/2017\/04\/femmesvilles.jpg?fit=215%2C300&amp;ssl=1\" data-large-file=\"https:\/\/i2.wp.com\/adric-interculturel.com\/citoyennete\/wp-content\/uploads\/2017\/04\/femmesvilles.jpg?fit=486%2C678&amp;ssl=1\" loading=\"lazy\" class=\"alignleft wp-image-240 size-medium\" title=\"L'usage de la ville par les femmes\" src=\"https:\/\/i2.wp.com\/adric-interculturel.com\/citoyennete\/wp-content\/uploads\/2017\/04\/femmesvilles-215x300.jpg?resize=215%2C300\" alt=\"\" srcset=\"https:\/\/i2.wp.com\/adric-interculturel.com\/citoyennete\/wp-content\/uploads\/2017\/04\/femmesvilles.jpg?resize=215%2C300&amp;ssl=1 215w, https:\/\/i2.wp.com\/adric-interculturel.com\/citoyennete\/wp-content\/uploads\/2017\/04\/femmesvilles.jpg?resize=179%2C250&amp;ssl=1 179w, https:\/\/i2.wp.com\/adric-interculturel.com\/citoyennete\/wp-content\/uploads\/2017\/04\/femmesvilles.jpg?w=486&amp;ssl=1 486w\" sizes=\"(max-width: 215px) 100vw, 215px\" data-recalc-dims=\"1\" \/><\/a> <a href=\"https:\/\/www.centre-hubertine-auclert.fr\/sites\/default\/files\/fichiers\/guide-ct2-cha-web.pdf\" target=\"_blank\"><img data-attachment-id=\"244\" data-permalink=\"https:\/\/adric-interculturel.com\/citoyennete\/des-etudes\/polocale\/\" data-orig-file=\"https:\/\/i0.wp.com\/adric-interculturel.com\/citoyennete\/wp-content\/uploads\/2017\/04\/polocale.jpg?fit=483%2C688&amp;ssl=1\" data-orig-size=\"483,688\" data-comments-opened=\"0\" data-image-meta=\"{&quot;aperture&quot;:&quot;0&quot;,&quot;credit&quot;:&quot;&quot;,&quot;camera&quot;:&quot;&quot;,&quot;caption&quot;:&quot;&quot;,&quot;created_timestamp&quot;:&quot;0&quot;,&quot;copyright&quot;:&quot;&quot;,&quot;focal_length&quot;:&quot;0&quot;,&quot;iso&quot;:&quot;0&quot;,&quot;shutter_speed&quot;:&quot;0&quot;,&quot;title&quot;:&quot;&quot;,&quot;orientation&quot;:&quot;0&quot;}\" data-image-title=\"polocale\" data-image-description=\"\" data-medium-file=\"https:\/\/i0.wp.com\/adric-interculturel.com\/citoyennete\/wp-content\/uploads\/2017\/04\/polocale.jpg?fit=211%2C300&amp;ssl=1\" data-large-file=\"https:\/\/i0.wp.com\/adric-interculturel.com\/citoyennete\/wp-content\/uploads\/2017\/04\/polocale.jpg?fit=483%2C688&amp;ssl=1\" loading=\"lazy\" class=\"alignleft wp-image-244 size-medium\" title=\"Planifier, conduire et \u00e9valuer une politique locale d'\u00e9galit\u00e9\" src=\"https:\/\/i1.wp.com\/adric-interculturel.com\/citoyennete\/wp-content\/uploads\/2017\/04\/polocale-211x300.jpg?resize=211%2C300\" alt=\"\" srcset=\"https:\/\/i0.wp.com\/adric-interculturel.com\/citoyennete\/wp-content\/uploads\/2017\/04\/polocale.jpg?resize=211%2C300&amp;ssl=1 211w, https:\/\/i0.wp.com\/adric-interculturel.com\/citoyennete\/wp-content\/uploads\/2017\/04\/polocale.jpg?resize=176%2C250&amp;ssl=1 176w, https:\/\/i0.wp.com\/adric-interculturel.com\/citoyennete\/wp-content\/uploads\/2017\/04\/polocale.jpg?w=483&amp;ssl=1 483w\" sizes=\"(max-width: 211px) 100vw, 211px\" data-recalc-dims=\"1\" \/><\/a><a href=\"https:\/\/www.centre-hubertine-auclert.fr\/sites\/default\/files\/fichiers\/guide-violencesfemmescollectivites-cha-web.pdf\" target=\"_blank\"><img data-attachment-id=\"249\" data-permalink=\"https:\/\/adric-interculturel.com\/citoyennete\/des-etudes\/violences-3\/\" data-orig-file=\"https:\/\/i2.wp.com\/adric-interculturel.com\/citoyennete\/wp-content\/uploads\/2017\/04\/violences-2.jpg?fit=486%2C682&amp;ssl=1\" data-orig-size=\"486,682\" data-comments-opened=\"0\" data-image-meta=\"{&quot;aperture&quot;:&quot;0&quot;,&quot;credit&quot;:&quot;&quot;,&quot;camera&quot;:&quot;&quot;,&quot;caption&quot;:&quot;&quot;,&quot;created_timestamp&quot;:&quot;0&quot;,&quot;copyright&quot;:&quot;&quot;,&quot;focal_length&quot;:&quot;0&quot;,&quot;iso&quot;:&quot;0&quot;,&quot;shutter_speed&quot;:&quot;0&quot;,&quot;title&quot;:&quot;&quot;,&quot;orientation&quot;:&quot;0&quot;}\" data-image-title=\"violences\" data-image-description=\"\" data-medium-file=\"https:\/\/i2.wp.com\/adric-interculturel.com\/citoyennete\/wp-content\/uploads\/2017\/04\/violences-2.jpg?fit=214%2C300&amp;ssl=1\" data-large-file=\"https:\/\/i2.wp.com\/adric-interculturel.com\/citoyennete\/wp-content\/uploads\/2017\/04\/violences-2.jpg?fit=486%2C682&amp;ssl=1\" loading=\"lazy\" class=\"alignleft wp-image-249 size-medium\" title=\"Agir efficacement contre les violences faites aux femmes au niveau local\" src=\"https:\/\/i0.wp.com\/adric-interculturel.com\/citoyennete\/wp-content\/uploads\/2017\/04\/violences-2-214x300.jpg?resize=214%2C300\" alt=\"\" srcset=\"https:\/\/i2.wp.com\/adric-interculturel.com\/citoyennete\/wp-content\/uploads\/2017\/04\/violences-2.jpg?resize=214%2C300&amp;ssl=1 214w, https:\/\/i2.wp.com\/adric-interculturel.com\/citoyennete\/wp-content\/uploads\/2017\/04\/violences-2.jpg?resize=178%2C250&amp;ssl=1 178w, https:\/\/i2.wp.com\/adric-interculturel.com\/citoyennete\/wp-content\/uploads\/2017\/04\/violences-2.jpg?w=486&amp;ssl=1 486w\" sizes=\"(max-width: 214px) 100vw, 214px\" data-recalc-dims=\"1\" \/><\/a><\/p>\n<p><a href=\"https:\/\/www.centre-hubertine-auclert.fr\/sites\/default\/files\/fichiers\/guide-orvf-femmesemploi-web.pdf\" target=\"_blank\"><img data-attachment-id=\"239\" data-permalink=\"https:\/\/adric-interculturel.com\/citoyennete\/des-etudes\/emploiviolences\/\" data-orig-file=\"https:\/\/i1.wp.com\/adric-interculturel.com\/citoyennete\/wp-content\/uploads\/2017\/04\/emploiviolences.jpg?fit=481%2C685&amp;ssl=1\" data-orig-size=\"481,685\" data-comments-opened=\"0\" data-image-meta=\"{&quot;aperture&quot;:&quot;0&quot;,&quot;credit&quot;:&quot;&quot;,&quot;camera&quot;:&quot;&quot;,&quot;caption&quot;:&quot;&quot;,&quot;created_timestamp&quot;:&quot;0&quot;,&quot;copyright&quot;:&quot;&quot;,&quot;focal_length&quot;:&quot;0&quot;,&quot;iso&quot;:&quot;0&quot;,&quot;shutter_speed&quot;:&quot;0&quot;,&quot;title&quot;:&quot;&quot;,&quot;orientation&quot;:&quot;0&quot;}\" data-image-title=\"emploiviolences\" data-image-description=\"\" data-medium-file=\"https:\/\/i1.wp.com\/adric-interculturel.com\/citoyennete\/wp-content\/uploads\/2017\/04\/emploiviolences.jpg?fit=211%2C300&amp;ssl=1\" data-large-file=\"https:\/\/i1.wp.com\/adric-interculturel.com\/citoyennete\/wp-content\/uploads\/2017\/04\/emploiviolences.jpg?fit=481%2C685&amp;ssl=1\" loading=\"lazy\" class=\"alignleft wp-image-239 size-medium\" title=\"Am\u00e9liorer l'acc\u00e8s \u00e0 l'emploi des femmes victimes de violences\" src=\"https:\/\/i0.wp.com\/adric-interculturel.com\/citoyennete\/wp-content\/uploads\/2017\/04\/emploiviolences-211x300.jpg?resize=211%2C300\" alt=\"\" srcset=\"https:\/\/i1.wp.com\/adric-interculturel.com\/citoyennete\/wp-content\/uploads\/2017\/04\/emploiviolences.jpg?resize=211%2C300&amp;ssl=1 211w, https:\/\/i1.wp.com\/adric-interculturel.com\/citoyennete\/wp-content\/uploads\/2017\/04\/emploiviolences.jpg?resize=176%2C250&amp;ssl=1 176w, https:\/\/i1.wp.com\/adric-interculturel.com\/citoyennete\/wp-content\/uploads\/2017\/04\/emploiviolences.jpg?w=481&amp;ssl=1 481w\" sizes=\"(max-width: 211px) 100vw, 211px\" data-recalc-dims=\"1\" \/><\/a><\/p>\n<p><a href=\"http:\/\/www.laboratoiredelegalite.org\/wp-content\/uploads\/2016\/05\/Fiches-infos_Egalite_salariale_et_lutte_contre_la_precarite.pdf\" target=\"_blank\"><img data-attachment-id=\"241\" data-permalink=\"https:\/\/adric-interculturel.com\/citoyennete\/des-etudes\/labegal1\/\" data-orig-file=\"https:\/\/i0.wp.com\/adric-interculturel.com\/citoyennete\/wp-content\/uploads\/2017\/04\/labegal1.jpg?fit=486%2C683&amp;ssl=1\" data-orig-size=\"486,683\" data-comments-opened=\"0\" data-image-meta=\"{&quot;aperture&quot;:&quot;0&quot;,&quot;credit&quot;:&quot;&quot;,&quot;camera&quot;:&quot;&quot;,&quot;caption&quot;:&quot;&quot;,&quot;created_timestamp&quot;:&quot;0&quot;,&quot;copyright&quot;:&quot;&quot;,&quot;focal_length&quot;:&quot;0&quot;,&quot;iso&quot;:&quot;0&quot;,&quot;shutter_speed&quot;:&quot;0&quot;,&quot;title&quot;:&quot;&quot;,&quot;orientation&quot;:&quot;0&quot;}\" data-image-title=\"labegal1\" data-image-description=\"\" data-medium-file=\"https:\/\/i0.wp.com\/adric-interculturel.com\/citoyennete\/wp-content\/uploads\/2017\/04\/labegal1.jpg?fit=213%2C300&amp;ssl=1\" data-large-file=\"https:\/\/i0.wp.com\/adric-interculturel.com\/citoyennete\/wp-content\/uploads\/2017\/04\/labegal1.jpg?fit=486%2C683&amp;ssl=1\" loading=\"lazy\" class=\"alignleft wp-image-241 size-medium\" title=\"Egalit\u00e9 salariale et lutte contre la pr\u00e9carit\u00e9\" src=\"https:\/\/i2.wp.com\/adric-interculturel.com\/citoyennete\/wp-content\/uploads\/2017\/04\/labegal1-213x300.jpg?resize=213%2C300\" alt=\"\" srcset=\"https:\/\/i0.wp.com\/adric-interculturel.com\/citoyennete\/wp-content\/uploads\/2017\/04\/labegal1.jpg?resize=213%2C300&amp;ssl=1 213w, https:\/\/i0.wp.com\/adric-interculturel.com\/citoyennete\/wp-content\/uploads\/2017\/04\/labegal1.jpg?resize=178%2C250&amp;ssl=1 178w, https:\/\/i0.wp.com\/adric-interculturel.com\/citoyennete\/wp-content\/uploads\/2017\/04\/labegal1.jpg?w=486&amp;ssl=1 486w\" sizes=\"(max-width: 213px) 100vw, 213px\" data-recalc-dims=\"1\" \/><\/a><\/p>\n<p><a href=\"https:\/\/www.google.fr\/url?sa=t&amp;rct=j&amp;q=&amp;esrc=s&amp;source=web&amp;cd=2&amp;cad=rja&amp;uact=8&amp;ved=0ahUKEwi8xb_72o3TAhVIuBoKHS7GCmIQFggjMAE&amp;url=http%3A%2F%2Fwww.ddcs.paris.gouv.fr%2Fcontent%2Fdownload%2F8495%2F62333%2Ffile%2FT%25C3%25A9l%25C3%25A9chargez%2520le%2520livret%2520de%2520restitution%2520de%2520la%2520recherche%2520-%2520action.pdf&amp;usg=AFQjCNEcC_rRVDkHqO5cg-PPNkMF0kkHIQ&amp;sig2=qG3YWC9tYJjf_10CrGcw1g\" target=\"_blank\"><img data-attachment-id=\"242\" data-permalink=\"https:\/\/adric-interculturel.com\/citoyennete\/des-etudes\/loisirs-2\/\" data-orig-file=\"https:\/\/i2.wp.com\/adric-interculturel.com\/citoyennete\/wp-content\/uploads\/2017\/04\/loisirs-1.jpg?fit=1212%2C1698&amp;ssl=1\" data-orig-size=\"1212,1698\" data-comments-opened=\"0\" data-image-meta=\"{&quot;aperture&quot;:&quot;0&quot;,&quot;credit&quot;:&quot;&quot;,&quot;camera&quot;:&quot;&quot;,&quot;caption&quot;:&quot;&quot;,&quot;created_timestamp&quot;:&quot;0&quot;,&quot;copyright&quot;:&quot;&quot;,&quot;focal_length&quot;:&quot;0&quot;,&quot;iso&quot;:&quot;0&quot;,&quot;shutter_speed&quot;:&quot;0&quot;,&quot;title&quot;:&quot;&quot;,&quot;orientation&quot;:&quot;0&quot;}\" data-image-title=\"loisirs\" data-image-description=\"\" data-medium-file=\"https:\/\/i2.wp.com\/adric-interculturel.com\/citoyennete\/wp-content\/uploads\/2017\/04\/loisirs-1.jpg?fit=214%2C300&amp;ssl=1\" data-large-file=\"https:\/\/i2.wp.com\/adric-interculturel.com\/citoyennete\/wp-content\/uploads\/2017\/04\/loisirs-1.jpg?fit=640%2C897&amp;ssl=1\" loading=\"lazy\" class=\"alignleft wp-image-242 size-medium\" title=\"Pour qu'activit\u00e9s de loisirs riment avec \u00e9galit\u00e9\" src=\"https:\/\/i2.wp.com\/adric-interculturel.com\/citoyennete\/wp-content\/uploads\/2017\/04\/loisirs-1-214x300.jpg?resize=214%2C300\" alt=\"\" srcset=\"https:\/\/i2.wp.com\/adric-interculturel.com\/citoyennete\/wp-content\/uploads\/2017\/04\/loisirs-1.jpg?resize=214%2C300&amp;ssl=1 214w, https:\/\/i2.wp.com\/adric-interculturel.com\/citoyennete\/wp-content\/uploads\/2017\/04\/loisirs-1.jpg?resize=768%2C1076&amp;ssl=1 768w, https:\/\/i2.wp.com\/adric-interculturel.com\/citoyennete\/wp-content\/uploads\/2017\/04\/loisirs-1.jpg?resize=731%2C1024&amp;ssl=1 731w, https:\/\/i2.wp.com\/adric-interculturel.com\/citoyennete\/wp-content\/uploads\/2017\/04\/loisirs-1.jpg?resize=178%2C250&amp;ssl=1 178w, https:\/\/i2.wp.com\/adric-interculturel.com\/citoyennete\/wp-content\/uploads\/2017\/04\/loisirs-1.jpg?w=1212&amp;ssl=1 1212w\" sizes=\"(max-width: 214px) 100vw, 214px\" data-recalc-dims=\"1\" \/><\/a><a href=\"https:\/\/www.centre-hubertine-auclert.fr\/sites\/default\/files\/fichiers\/manuel2-egalite-homme-femme-dans-le-sport.pdf\" target=\"_blank\"><img data-attachment-id=\"245\" data-permalink=\"https:\/\/adric-interculturel.com\/citoyennete\/des-etudes\/sport-3\/\" data-orig-file=\"https:\/\/i1.wp.com\/adric-interculturel.com\/citoyennete\/wp-content\/uploads\/2017\/04\/sport-1.jpg?fit=909%2C640&amp;ssl=1\" data-orig-size=\"909,640\" data-comments-opened=\"0\" data-image-meta=\"{&quot;aperture&quot;:&quot;0&quot;,&quot;credit&quot;:&quot;&quot;,&quot;camera&quot;:&quot;&quot;,&quot;caption&quot;:&quot;&quot;,&quot;created_timestamp&quot;:&quot;0&quot;,&quot;copyright&quot;:&quot;&quot;,&quot;focal_length&quot;:&quot;0&quot;,&quot;iso&quot;:&quot;0&quot;,&quot;shutter_speed&quot;:&quot;0&quot;,&quot;title&quot;:&quot;&quot;,&quot;orientation&quot;:&quot;0&quot;}\" data-image-title=\"sport\" data-image-description=\"\" data-medium-file=\"https:\/\/i1.wp.com\/adric-interculturel.com\/citoyennete\/wp-content\/uploads\/2017\/04\/sport-1.jpg?fit=300%2C211&amp;ssl=1\" data-large-file=\"https:\/\/i1.wp.com\/adric-interculturel.com\/citoyennete\/wp-content\/uploads\/2017\/04\/sport-1.jpg?fit=640%2C451&amp;ssl=1\" loading=\"lazy\" class=\"alignleft wp-image-245 size-medium\" title=\"Egalite femmes-hommes dans le sport\" src=\"https:\/\/i1.wp.com\/adric-interculturel.com\/citoyennete\/wp-content\/uploads\/2017\/04\/sport-1-300x211.jpg?resize=300%2C211\" alt=\"\" srcset=\"https:\/\/i1.wp.com\/adric-interculturel.com\/citoyennete\/wp-content\/uploads\/2017\/04\/sport-1.jpg?resize=300%2C211&amp;ssl=1 300w, https:\/\/i1.wp.com\/adric-interculturel.com\/citoyennete\/wp-content\/uploads\/2017\/04\/sport-1.jpg?resize=768%2C541&amp;ssl=1 768w, https:\/\/i1.wp.com\/adric-interculturel.com\/citoyennete\/wp-content\/uploads\/2017\/04\/sport-1.jpg?resize=355%2C250&amp;ssl=1 355w, https:\/\/i1.wp.com\/adric-interculturel.com\/citoyennete\/wp-content\/uploads\/2017\/04\/sport-1.jpg?w=909&amp;ssl=1 909w\" sizes=\"(max-width: 300px) 100vw, 300px\" data-recalc-dims=\"1\" \/><\/a><\/p>\n","protected":false},"excerpt":{"rendered":"","protected":false},"author":1,"featured_media":0,"parent":0,"menu_order":0,"comment_status":"closed","ping_status":"closed","template":"","meta":{"_monsterinsights_skip_tracking":false,"_monsterinsights_sitenote_active":false,"_monsterinsights_sitenote_note":"","_monsterinsights_sitenote_category":0},"_links":{"self":[{"href":"https:\/\/adric-interculturel.com\/citoyennete\/wp-json\/wp\/v2\/pages\/196"}],"collection":[{"href":"https:\/\/adric-interculturel.com\/citoyennete\/wp-json\/wp\/v2\/pages"}],"about":[{"href":"https:\/\/adric-interculturel.com\/citoyennete\/wp-json\/wp\/v2\/types\/page"}],"author":[{"embeddable":true,"href":"https:\/\/adric-interculturel.com\/citoyennete\/wp-json\/wp\/v2\/users\/1"}],"replies":[{"embeddable":true,"href":"https:\/\/adric-interculturel.com\/citoyennete\/wp-json\/wp\/v2\/comments?post=196"}],"version-history":[{"count":7,"href":"https:\/\/adric-interculturel.com\/citoyennete\/wp-json\/wp\/v2\/pages\/196\/revisions"}],"predecessor-version":[{"id":247,"href":"https:\/\/adric-interculturel.com\/citoyennete\/wp-json\/wp\/v2\/pages\/196\/revisions\/247"}],"wp:attachment":[{"href":"https:\/\/adric-interculturel.com\/citoyennete\/wp-json\/wp\/v2\/media?parent=196"}],"curies":[{"name":"wp","href":"https:\/\/api.w.org\/{rel}","templated":true}]}}