{"id":233,"date":"2017-04-03T13:26:36","date_gmt":"2017-04-03T11:26:36","guid":{"rendered":"http:\/\/adric-interculturel.com\/citoyennete\/?page_id=233"},"modified":"2017-04-05T20:52:26","modified_gmt":"2017-04-05T18:52:26","slug":"pour-aller-plus-loin","status":"publish","type":"page","link":"https:\/\/adric-interculturel.com\/citoyennete\/pour-aller-plus-loin\/","title":{"rendered":"Pour aller plus loin"},"content":{"rendered":"<blockquote><p>Nous vous proposons dans cette rubrique <a href=\"http:\/\/adric-interculturel.com\/citoyennete\/des-etudes\/\">des \u00e9tudes<\/a>, <a href=\"http:\/\/adric-interculturel.com\/citoyennete\/des-etudes\/\">des rapports publics<\/a>, <a href=\"http:\/\/adric-interculturel.com\/citoyennete\/des-videos\/\">des vid\u00e9os et des blogs<\/a> en lien l&#8217;emploi des femmes et leur pr\u00e9sence dans l&#8217;espace public.<\/p><\/blockquote>\n","protected":false},"excerpt":{"rendered":"<p>Nous vous proposons dans cette rubrique des \u00e9tudes, des rapports publics, des vid\u00e9os et des blogs en lien l&#8217;emploi des femmes et leur pr\u00e9sence dans l&#8217;espace public.<\/p>\n","protected":false},"author":1,"featured_media":0,"parent":0,"menu_order":0,"comment_status":"closed","ping_status":"closed","template":"","meta":{"_monsterinsights_skip_tracking":false,"_monsterinsights_sitenote_active":false,"_monsterinsights_sitenote_note":"","_monsterinsights_sitenote_category":0},"_links":{"self":[{"href":"https:\/\/adric-interculturel.com\/citoyennete\/wp-json\/wp\/v2\/pages\/233"}],"collection":[{"href":"https:\/\/adric-interculturel.com\/citoyennete\/wp-json\/wp\/v2\/pages"}],"about":[{"href":"https:\/\/adric-interculturel.com\/citoyennete\/wp-json\/wp\/v2\/types\/page"}],"author":[{"embeddable":true,"href":"https:\/\/adric-interculturel.com\/citoyennete\/wp-json\/wp\/v2\/users\/1"}],"replies":[{"embeddable":true,"href":"https:\/\/adric-interculturel.com\/citoyennete\/wp-json\/wp\/v2\/comments?post=233"}],"version-history":[{"count":3,"href":"https:\/\/adric-interculturel.com\/citoyennete\/wp-json\/wp\/v2\/pages\/233\/revisions"}],"predecessor-version":[{"id":267,"href":"https:\/\/adric-interculturel.com\/citoyennete\/wp-json\/wp\/v2\/pages\/233\/revisions\/267"}],"wp:attachment":[{"href":"https:\/\/adric-interculturel.com\/citoyennete\/wp-json\/wp\/v2\/media?parent=233"}],"curies":[{"name":"wp","href":"https:\/\/api.w.org\/{rel}","templated":true}]}}