{"id":502,"date":"2017-09-11T10:08:33","date_gmt":"2017-09-11T08:08:33","guid":{"rendered":"http:\/\/adric-interculturel.com\/citoyennete\/?page_id=502"},"modified":"2017-09-11T11:21:15","modified_gmt":"2017-09-11T09:21:15","slug":"comptes-rendus","status":"publish","type":"page","link":"https:\/\/adric-interculturel.com\/citoyennete\/homepage\/comptes-rendus\/","title":{"rendered":"Actualit\u00e9s"},"content":{"rendered":"<p><a href=\"http:\/\/adric-interculturel.com\/citoyennete\/wp-content\/uploads\/2017\/09\/CR-seminaire-23-juin-2017-ADRIC.pdf\">&#8220;Femmes et\u00a0Citoyennet\u00e9 : Mixit\u00e9 et acc\u00e8s \u00e0 l&#8217;espace public&#8221; : Compte rendu du\u00a0s\u00e9minaire du 23 juin 2017 \u00e0\u00a0l&#8217;H\u00f4tel\u00a0de\u00a0Ville\u00a0de\u00a0Paris<\/a><\/p>\n","protected":false},"excerpt":{"rendered":"<p>&#8220;Femmes et\u00a0Citoyennet\u00e9 : Mixit\u00e9 et acc\u00e8s \u00e0 l&#8217;espace public&#8221; : Compte rendu du\u00a0s\u00e9minaire du 23 juin 2017 \u00e0\u00a0l&#8217;H\u00f4tel\u00a0de\u00a0Ville\u00a0de\u00a0Paris<\/p>\n","protected":false},"author":1,"featured_media":0,"parent":21,"menu_order":1,"comment_status":"closed","ping_status":"closed","template":"","meta":{"_monsterinsights_skip_tracking":false,"_monsterinsights_sitenote_active":false,"_monsterinsights_sitenote_note":"","_monsterinsights_sitenote_category":0},"_links":{"self":[{"href":"https:\/\/adric-interculturel.com\/citoyennete\/wp-json\/wp\/v2\/pages\/502"}],"collection":[{"href":"https:\/\/adric-interculturel.com\/citoyennete\/wp-json\/wp\/v2\/pages"}],"about":[{"href":"https:\/\/adric-interculturel.com\/citoyennete\/wp-json\/wp\/v2\/types\/page"}],"author":[{"embeddable":true,"href":"https:\/\/adric-interculturel.com\/citoyennete\/wp-json\/wp\/v2\/users\/1"}],"replies":[{"embeddable":true,"href":"https:\/\/adric-interculturel.com\/citoyennete\/wp-json\/wp\/v2\/comments?post=502"}],"version-history":[{"count":7,"href":"https:\/\/adric-interculturel.com\/citoyennete\/wp-json\/wp\/v2\/pages\/502\/revisions"}],"predecessor-version":[{"id":517,"href":"https:\/\/adric-interculturel.com\/citoyennete\/wp-json\/wp\/v2\/pages\/502\/revisions\/517"}],"up":[{"embeddable":true,"href":"https:\/\/adric-interculturel.com\/citoyennete\/wp-json\/wp\/v2\/pages\/21"}],"wp:attachment":[{"href":"https:\/\/adric-interculturel.com\/citoyennete\/wp-json\/wp\/v2\/media?parent=502"}],"curies":[{"name":"wp","href":"https:\/\/api.w.org\/{rel}","templated":true}]}}