{"id":676,"date":"2022-06-23T23:28:51","date_gmt":"2022-06-23T21:28:51","guid":{"rendered":"https:\/\/adric-interculturel.com\/citoyennete\/?page_id=676"},"modified":"2022-06-30T18:57:32","modified_gmt":"2022-06-30T16:57:32","slug":"penser-la-mixite-des-lorganisation-et-la-planification-des-activites","status":"publish","type":"page","link":"https:\/\/adric-interculturel.com\/citoyennete\/guide-de-bonnes-pratiques-sur-la-mixite-dans-les-activites-jeunesses\/penser-la-mixite-des-lorganisation-et-la-planification-des-activites\/","title":{"rendered":"Penser la mixit\u00e9 d\u00e8s l\u2019organisation et la planification des activit\u00e9s"},"content":{"rendered":"\nS\u2019il est important d\u2019avoir un regard critique et de prendre des mesures correctives pour des ateliers ou cours d\u00e9j\u00e0 mis en place et dans lesquels la mixit\u00e9 est difficile voire source de conflit, il est plus efficace d\u2019int\u00e9grer les questions de mixit\u00e9 d\u00e8s les premi\u00e8res r\u00e9flexions. Ainsi il ne s\u2019agit pas de multiplier les activit\u00e9s en fonction des intervenant-e-s disponibles mais de r\u00e9fl\u00e9chir \u00e0 la fa\u00e7on dont ces activit\u00e9s int\u00e9resseront filles et gar\u00e7ons, si elles seront \u00e9galement accessibles, et dans quelle mesure elles permettront un vivre-ensemble autour de valeurs communes.<br>\n\n\n\n\n<div style=\"height:20px\" aria-hidden=\"true\" class=\"wp-block-spacer\"><\/div>\n\n\n\n\nPour 3 personnes interrog\u00e9es sur 10, la mixit\u00e9 filles-gar\u00e7ons dans les activit\u00e9s doit \u00eatre pens\u00e9e d\u00e8s les premi\u00e8res \u00e9tapes de planification, ce qui implique la prise en compte de certains \u00e9l\u00e9ments&nbsp;:\n\n\n\n\n<div style=\"height:20px\" aria-hidden=\"true\" class=\"wp-block-spacer\"><\/div>\n\n\n\n\n\n<ul><li><strong>les types d\u2019activit\u00e9s propos\u00e9s<\/strong>&nbsp;: une charg\u00e9e de projet pour une association d\u2019insertion de personnes migrantes par le sport a expliqu\u00e9 que des activit\u00e9s st\u00e9r\u00e9otyp\u00e9es entrainent une non mixit\u00e9 de fait, et donc un d\u00e9s\u00e9quilibre dans les effectifs. Cela est parfois fait sous couvert d\u2019attirer plus de filles, sans r\u00e9flexion sur la reproduction sexu\u00e9e des activit\u00e9s de loisirs. &nbsp;De plus, la fa\u00e7on de nommer les activit\u00e9s peut renforcer ce biais (\u00ab&nbsp;boxe&nbsp;\u00bb vs \u00ab&nbsp;pratique du self-d\u00e9fense&nbsp;\u00bb&nbsp;; \u00ab&nbsp;gym bien-\u00eatre&nbsp;\u00bb vs \u00ab&nbsp;renforcement musculaire&nbsp;\u00bb). <\/li><li><strong>les horaires des activit\u00e9s et l\u2019accessibilit\u00e9<\/strong>&nbsp;: afin de favoriser la participation d\u2019un public vari\u00e9, et d\u2019inclure la possibilit\u00e9 pour les jeunes femmes, notamment celles ayant en charge des enfants, de venir, il est important d\u2019avoir une r\u00e9flexion sur les horaires des activit\u00e9s, coupl\u00e9e aux modes de d\u00e9placement pour s\u2019y rendre. Dans des associations omnisport, il peut \u00eatre int\u00e9ressant de faire co\u00efncider des activit\u00e9s pour adultes avec des activit\u00e9s jeunesse (baby gym, \u00e9veil moteur) afin d\u2019occuper les plus petits et d\u2019offrir de facto un mode de garde s\u00e9curisant pour les m\u00e8res de familles. Il arrive \u00e9galement que dans le cas o\u00f9 les jeunes filles ne sont pas accompagn\u00e9es \u00e0 leurs activit\u00e9s ou comp\u00e9titions par un membre de la famille, un syst\u00e8me de point de rendez-vous commun peut favoriser leur participation. <\/li><li><strong>les besoins sp\u00e9cifiques<\/strong>&nbsp;: selon le but poursuivi par la structure, des groupes en non-mixit\u00e9 peuvent \u00eatre une option. C\u2019est ce qu\u2019a propos\u00e9 l\u2019association Kabubu avec son programme Potenti\u2019elles dont les &nbsp;activit\u00e9s sont uniquement \u00e0 destination de femmes victimes de violences ou de traumatismes qui sont dans un parcours de reconstruction et qui ont besoin de temps plus privil\u00e9gi\u00e9 en non-mixit\u00e9.  <\/li><\/ul>\n\n\n\n\n\n<div style=\"height:10px\" aria-hidden=\"true\" class=\"wp-block-spacer\"><\/div>\n\n\n\n\nLa personne interview\u00e9e chez Kabubu a par ailleurs soulign\u00e9 lors de son entretien que pour une planification optimum des activit\u00e9s il \u00e9tait essentiel de bien connaitre son public et le territoire dans lequel la structure s\u2019int\u00e8gre.\n\n\n\n\n<div style=\"height:30px\" aria-hidden=\"true\" class=\"wp-block-spacer\"><\/div>\n\n\n\n\n\n<p class=\"has-luminous-vivid-amber-background-color has-background\"><strong>Et ailleurs&nbsp;?<\/strong> L\u2019association Saint-Denis Rides en Seine-Saint-Denis, qui \u0153uvre pour la promotion des sports de patins (blade, roller skate, skate) pour les femmes, a \u00e9galement partag\u00e9 lors d\u2019un r\u00e9cent colloque que l\u2019organisation des activit\u00e9s en plein air doit prendre en compte la question des vestiaires et des toilettes pour se changer. Les \u00e9quipements existants peuvent \u00eatre inad\u00e9quats ou peu accueillants pour les jeunes filles.<\/p>\n\n\n\n\n\n<div class=\"wp-container-4 wp-block-group\"><div class=\"wp-block-group__inner-container\">\n<div class=\"wp-container-3 wp-block-group alignfull\"><div class=\"wp-block-group__inner-container\">\n<div class=\"wp-container-2 wp-block-columns are-vertically-aligned-center\">\n<div class=\"wp-container-1 wp-block-column is-vertically-aligned-center\" style=\"flex-basis:100%\"><\/div>\n<\/div>\n<\/div><\/div>\n<\/div><\/div>\n\n","protected":false},"excerpt":{"rendered":"<p>S\u2019il est important d\u2019avoir un regard critique et de prendre des mesures correctives pour des ateliers ou cours d\u00e9j\u00e0 mis en place et dans lesquels la mixit\u00e9 est difficile voire source de conflit, il est plus efficace d\u2019int\u00e9grer les questions de mixit\u00e9 d\u00e8s les premi\u00e8res r\u00e9flexions. Ainsi il ne s\u2019agit pas de multiplier les activit\u00e9s [&hellip;]<\/p>\n","protected":false},"author":1,"featured_media":0,"parent":641,"menu_order":1,"comment_status":"closed","ping_status":"closed","template":"","meta":{"_monsterinsights_skip_tracking":false,"_monsterinsights_sitenote_active":false,"_monsterinsights_sitenote_note":"","_monsterinsights_sitenote_category":0},"_links":{"self":[{"href":"https:\/\/adric-interculturel.com\/citoyennete\/wp-json\/wp\/v2\/pages\/676"}],"collection":[{"href":"https:\/\/adric-interculturel.com\/citoyennete\/wp-json\/wp\/v2\/pages"}],"about":[{"href":"https:\/\/adric-interculturel.com\/citoyennete\/wp-json\/wp\/v2\/types\/page"}],"author":[{"embeddable":true,"href":"https:\/\/adric-interculturel.com\/citoyennete\/wp-json\/wp\/v2\/users\/1"}],"replies":[{"embeddable":true,"href":"https:\/\/adric-interculturel.com\/citoyennete\/wp-json\/wp\/v2\/comments?post=676"}],"version-history":[{"count":37,"href":"https:\/\/adric-interculturel.com\/citoyennete\/wp-json\/wp\/v2\/pages\/676\/revisions"}],"predecessor-version":[{"id":821,"href":"https:\/\/adric-interculturel.com\/citoyennete\/wp-json\/wp\/v2\/pages\/676\/revisions\/821"}],"up":[{"embeddable":true,"href":"https:\/\/adric-interculturel.com\/citoyennete\/wp-json\/wp\/v2\/pages\/641"}],"wp:attachment":[{"href":"https:\/\/adric-interculturel.com\/citoyennete\/wp-json\/wp\/v2\/media?parent=676"}],"curies":[{"name":"wp","href":"https:\/\/api.w.org\/{rel}","templated":true}]}}